{"id":7,"date":"2014-09-08T13:30:25","date_gmt":"2014-09-08T13:30:25","guid":{"rendered":"http:\/\/htest08091.staging.cloud-press.net\/home-page\/"},"modified":"2016-06-10T10:51:20","modified_gmt":"2016-06-10T08:51:20","slug":"home-page","status":"publish","type":"page","link":"https:\/\/con-t.de\/data\/","title":{"rendered":"Home Page"},"content":{"rendered":"<div class=\"post-content-inner\"><div class=\"column_15 gridContainer\"><div class=\"row_14\"><div class=\"column_16\"><div class=\"row_15\"><div class=\"align-inline-wrap1\"><div class=\"row_15\"><div class=\"align-inline-wrap1\"><div id=\"menu_menu3\" ><ul id=\"menu_menu3_list\"><li><a class=\"selected\" href=\"https:\/\/con-t.de\/data\/\" target=\"_self\">Home<\/a><\/li><li><a  href=\"https:\/\/con-t.de\/data\/beratung\/\" target=\"_self\">Beratung<\/a><\/li><li><a  href=\"https:\/\/con-t.de\/data\/interim-management-2\/\" target=\"_self\">Interim-management<\/a><\/li><li><a  href=\"https:\/\/con-t.de\/data\/coaching\/\" target=\"_self\">Coaching<\/a><\/li><li><a  href=\"https:\/\/con-t.de\/data\/erfahrungen\/\" target=\"_self\">Erfahrungen<\/a><\/li><li><a  href=\"https:\/\/con-t.de\/data\/erfahrungen-2\/\" target=\"_self\">Kompetenzen<\/a><\/li><li><a  href=\"https:\/\/con-t.de\/data\/konditionen\/\" target=\"_self\">Konditionen<\/a><\/li><li><a  href=\"https:\/\/con-t.de\/data\/gut-zu-wissen\/\" target=\"_self\">Gut zu wissen<\/a><\/li><li><a  href=\"https:\/\/con-t.de\/data\/impressum\/\" target=\"_self\">Impressum<\/a><\/li><li><a  href=\"https:\/\/con-t.de\/data\/datenschutz\/\" target=\"_self\">Datenschutz<\/a><\/li><\/ul><select>\r\n\t\t\t\t      <option value=\"\" selected=\"\">MENU<\/option>\r\n\t\t\t\t   <\/select><script type=\"text\/javascript\" src=\"https:\/\/con-t.de\/data\/wp-content\/mu-plugins\/xtdonelevelmenu\/assets\/menu_selection.js\"><\/script><\/div><a href=\"http:\/\/localhost\/con-t\/kontakt\/\" target=\"_self\" rel=\"\" data-width=\"800\" data-height=\"600\" class=\"anchor10\"><\/a><a href=\"https:\/\/con-t.de\/data\/kontakt\"><img loading=\"lazy\" decoding=\"async\" src=\"https:\/\/con-t.de\/data\/wp-content\/uploads\/2016\/05\/button_menue-e1465301542782.png\" alt=\"button_menue-e1465301542782\" class=\"alignnone wp-image-525 size-full\" height=\"102\" width=\"100\" \/><\/a><a href=\"http:\/\/localhost\/con-t\/kontakt\/\" target=\"_self\" rel=\"\" data-width=\"800\" data-height=\"600\" class=\"anchor10\"><\/a><\/div><\/div><\/div><\/div><\/div><div class=\"column_17\"><div class=\"row_18\"><img decoding=\"async\" src=\"https:\/\/con-t.de\/data\/wp-content\/uploads\/2016\/05\/startseite1.jpg\" reveal-fx=\"RevealFX2\" \/><\/div><div class=\"row_19\" reveal-fx=\"RevealFX3\"><h4 class=\"text_headline\">Nach Turbulenzen wieder auf Kurs<\/h4><p>Im Leben eines Unternehmens gibt es Zeiten, die nach einem neuen Kurs verlangen. Gr\u00fcnde k\u00f6nnen Generationswechsel, ver\u00e4nderte Besitzverh\u00e4ltnisse, Ver\u00e4nderungen in der Unternehmensleitung, Anpassung an ein schnell ver\u00e4nderliches Marktumfeld, technologische Umbr\u00fcche und andere sein. Das ist wie bei einem Flug mit Turbulenzen und Schlechtwetter. Es geht darum, das Flugzeug schnell wieder auf Kurs zu bringen.<\/p><p>Die con-t versteht sich als Lotse in Ver\u00e4nderungssituationen und hilft, den neuen Kurs zu finden und zu steuern. Es ist die Kombination aus Erfahrung und Instrumenten der Unternehmensf\u00fchrung, die unsere Kompetenz ausmachen. Sie schlie\u00dft die Analyse, die Beratung, das Coaching und das Interim Management ein, als Dienstleistung nach Ma\u00df und aus einem Guss.<\/p><\/div><\/div><\/div><\/div><\/div>","protected":false},"excerpt":{"rendered":"Nach Turbulenzen wieder auf KursIm Leben eines Unternehmens gibt es Zeiten, die nach einem neuen Kurs verlangen. Gr\u00fcnde k\u00f6nnen Generationswechsel, ver\u00e4nderte Besitzverh\u00e4ltnisse, Ver\u00e4nderungen in der Unternehmensleitung, Anpassung an ein schnell ver\u00e4nderliches Marktumfeld, technologische Umbr\u00fcche und andere sein. Das ist wie bei einem Flug mit Turbulenzen und Schlechtwetter. Es geht darum, das Flugzeug schnell wieder auf [&hellip;]","protected":false},"author":1,"featured_media":0,"parent":0,"menu_order":0,"comment_status":"open","ping_status":"closed","template":"","meta":{"footnotes":""},"class_list":["post-7","page","type-page","status-publish","hentry"],"_links":{"self":[{"href":"https:\/\/con-t.de\/data\/wp-json\/wp\/v2\/pages\/7","targetHints":{"allow":["GET"]}}],"collection":[{"href":"https:\/\/con-t.de\/data\/wp-json\/wp\/v2\/pages"}],"about":[{"href":"https:\/\/con-t.de\/data\/wp-json\/wp\/v2\/types\/page"}],"author":[{"embeddable":true,"href":"https:\/\/con-t.de\/data\/wp-json\/wp\/v2\/users\/1"}],"replies":[{"embeddable":true,"href":"https:\/\/con-t.de\/data\/wp-json\/wp\/v2\/comments?post=7"}],"version-history":[{"count":24,"href":"https:\/\/con-t.de\/data\/wp-json\/wp\/v2\/pages\/7\/revisions"}],"predecessor-version":[{"id":657,"href":"https:\/\/con-t.de\/data\/wp-json\/wp\/v2\/pages\/7\/revisions\/657"}],"wp:attachment":[{"href":"https:\/\/con-t.de\/data\/wp-json\/wp\/v2\/media?parent=7"}],"curies":[{"name":"wp","href":"https:\/\/api.w.org\/{rel}","templated":true}]}}