{"id":226,"date":"2016-05-12T10:35:04","date_gmt":"2016-05-12T10:35:04","guid":{"rendered":"http:\/\/localhost\/con-t\/home-page-4\/"},"modified":"2016-06-08T16:02:31","modified_gmt":"2016-06-08T14:02:31","slug":"impressum","status":"publish","type":"page","link":"https:\/\/con-t.de\/data\/impressum\/","title":{"rendered":"Impressum"},"content":{"rendered":"<div class=\"post-content-inner\"><div class=\"column_15 gridContainer\"><div class=\"row_14\"><div class=\"column_16\"><div class=\"row_15\"><div class=\"align-inline-wrap1\"><div class=\"row_15\"><div class=\"align-inline-wrap1\"><div id=\"menu_menu3\" ><ul id=\"menu_menu3_list\"><li><a  href=\"https:\/\/con-t.de\/data\/\" target=\"_self\">Home<\/a><\/li><li><a  href=\"https:\/\/con-t.de\/data\/beratung\/\" target=\"_self\">Beratung<\/a><\/li><li><a  href=\"https:\/\/con-t.de\/data\/interim-management-2\/\" target=\"_self\">Interim-management<\/a><\/li><li><a  href=\"https:\/\/con-t.de\/data\/coaching\/\" target=\"_self\">Coaching<\/a><\/li><li><a  href=\"https:\/\/con-t.de\/data\/erfahrungen\/\" target=\"_self\">Erfahrungen<\/a><\/li><li><a  href=\"https:\/\/con-t.de\/data\/erfahrungen-2\/\" target=\"_self\">Kompetenzen<\/a><\/li><li><a  href=\"https:\/\/con-t.de\/data\/konditionen\/\" target=\"_self\">Konditionen<\/a><\/li><li><a  href=\"https:\/\/con-t.de\/data\/gut-zu-wissen\/\" target=\"_self\">Gut zu wissen<\/a><\/li><li><a class=\"selected\" href=\"https:\/\/con-t.de\/data\/impressum\/\" target=\"_self\">Impressum<\/a><\/li><li><a  href=\"https:\/\/con-t.de\/data\/datenschutz\/\" target=\"_self\">Datenschutz<\/a><\/li><\/ul><select>\r\n\t\t\t\t      <option value=\"\" selected=\"\">MENU<\/option>\r\n\t\t\t\t   <\/select><script type=\"text\/javascript\" src=\"https:\/\/con-t.de\/data\/wp-content\/mu-plugins\/xtdonelevelmenu\/assets\/menu_selection.js\"><\/script><\/div><a href=\"https:\/\/con-t.de\/data\/kontakt\/\" target=\"_self\" rel=\"\" data-width=\"800\" data-height=\"600\" class=\"anchor10\"><\/a><a href=\"https:\/\/con-t.de\/data\/kontakt\"><img loading=\"lazy\" decoding=\"async\" src=\"https:\/\/con-t.de\/data\/wp-content\/uploads\/2016\/05\/button_menue-e1465301542782.png\" alt=\"button_menue-e1465301542782\" class=\"alignnone wp-image-525 size-full\" height=\"102\" width=\"100\" \/><\/a><a href=\"https:\/\/con-t.de\/data\/kontakt\/\" target=\"_self\" rel=\"\" data-width=\"800\" data-height=\"600\" class=\"anchor10\"><\/a><\/div><\/div><\/div><\/div><\/div><div class=\"column_17\"><div class=\"row_18\"><img decoding=\"async\" src=\"https:\/\/con-t.de\/data\/wp-content\/uploads\/2016\/05\/erfahrungen1.jpg\" reveal-fx=\"RevealFX2\" \/><\/div><div class=\"row_19\" reveal-fx=\"RevealFX3\"><h4 class=\"text_headline\">Impressum<\/h4><p><span>con-t UG ( haftungsbeschr\u00e4nkt)<br \/>Technologie Zentrum <br \/>Friedrich-Ebert-Str. 75 <br \/>51429 Bergisch Gladbach <\/span><\/p><p><span>Telefon: +49 2204 84 26 80<br \/>Mobil 1: +49 178 50 80 906 (Deutschland und EU) <br \/>Mobil 2: +7 968 659 5646 ( Russland und GUS) <\/span><\/p><p><span>Email: info@con-t.com <br \/>Web: www.con-t.com <\/span><\/p><p><span>Gesch\u00e4ftsf\u00fchrer: Traugott Funk <br \/>Handelsregister: Amtsgericht K\u00f6ln, HRB 80233 <br \/>USt-IdNr. DE292918053 <\/span><\/p><\/div><\/div><\/div><\/div><\/div>","protected":false},"excerpt":{"rendered":"Impressumcon-t UG ( haftungsbeschr\u00e4nkt)Technologie Zentrum Friedrich-Ebert-Str. 75 51429 Bergisch Gladbach Telefon: +49 2204 84 26 80Mobil 1: +49 178 50 80 906 (Deutschland und EU) Mobil 2: +7 968 659 5646 ( Russland und GUS) Email: info@con-t.com Web: www.con-t.com Gesch\u00e4ftsf\u00fchrer: Traugott Funk Handelsregister: Amtsgericht K\u00f6ln, HRB 80233 USt-IdNr. DE292918053","protected":false},"author":1,"featured_media":0,"parent":0,"menu_order":0,"comment_status":"open","ping_status":"closed","template":"","meta":{"footnotes":""},"class_list":["post-226","page","type-page","status-publish","hentry"],"_links":{"self":[{"href":"https:\/\/con-t.de\/data\/wp-json\/wp\/v2\/pages\/226","targetHints":{"allow":["GET"]}}],"collection":[{"href":"https:\/\/con-t.de\/data\/wp-json\/wp\/v2\/pages"}],"about":[{"href":"https:\/\/con-t.de\/data\/wp-json\/wp\/v2\/types\/page"}],"author":[{"embeddable":true,"href":"https:\/\/con-t.de\/data\/wp-json\/wp\/v2\/users\/1"}],"replies":[{"embeddable":true,"href":"https:\/\/con-t.de\/data\/wp-json\/wp\/v2\/comments?post=226"}],"version-history":[{"count":4,"href":"https:\/\/con-t.de\/data\/wp-json\/wp\/v2\/pages\/226\/revisions"}],"predecessor-version":[{"id":614,"href":"https:\/\/con-t.de\/data\/wp-json\/wp\/v2\/pages\/226\/revisions\/614"}],"wp:attachment":[{"href":"https:\/\/con-t.de\/data\/wp-json\/wp\/v2\/media?parent=226"}],"curies":[{"name":"wp","href":"https:\/\/api.w.org\/{rel}","templated":true}]}}