{"id":170,"date":"2016-05-09T11:22:58","date_gmt":"2016-05-09T11:22:58","guid":{"rendered":"http:\/\/localhost\/con-t\/konditionen-2\/"},"modified":"2016-06-10T11:02:52","modified_gmt":"2016-06-10T09:02:52","slug":"gut-zu-wissen","status":"publish","type":"page","link":"https:\/\/con-t.de\/data\/gut-zu-wissen\/","title":{"rendered":"Gut zu wissen"},"content":{"rendered":"<div class=\"post-content-inner\"><div class=\"column_15 gridContainer\"><div class=\"row_14\"><div class=\"column_16\"><div class=\"row_15\"><div class=\"align-inline-wrap1\"><div class=\"row_15\"><div class=\"align-inline-wrap1\"><div id=\"menu_menu3\" ><ul id=\"menu_menu3_list\"><li><a  href=\"https:\/\/con-t.de\/data\/\" target=\"_self\">Home<\/a><\/li><li><a  href=\"https:\/\/con-t.de\/data\/beratung\/\" target=\"_self\">Beratung<\/a><\/li><li><a  href=\"https:\/\/con-t.de\/data\/interim-management-2\/\" target=\"_self\">Interim-management<\/a><\/li><li><a  href=\"https:\/\/con-t.de\/data\/coaching\/\" target=\"_self\">Coaching<\/a><\/li><li><a  href=\"https:\/\/con-t.de\/data\/erfahrungen\/\" target=\"_self\">Erfahrungen<\/a><\/li><li><a  href=\"https:\/\/con-t.de\/data\/erfahrungen-2\/\" target=\"_self\">Kompetenzen<\/a><\/li><li><a  href=\"https:\/\/con-t.de\/data\/konditionen\/\" target=\"_self\">Konditionen<\/a><\/li><li><a class=\"selected\" href=\"https:\/\/con-t.de\/data\/gut-zu-wissen\/\" target=\"_self\">Gut zu wissen<\/a><\/li><li><a  href=\"https:\/\/con-t.de\/data\/impressum\/\" target=\"_self\">Impressum<\/a><\/li><li><a  href=\"https:\/\/con-t.de\/data\/datenschutz\/\" target=\"_self\">Datenschutz<\/a><\/li><\/ul><select>\r\n\t\t\t\t      <option value=\"\" selected=\"\">MENU<\/option>\r\n\t\t\t\t   <\/select><script type=\"text\/javascript\" src=\"https:\/\/con-t.de\/data\/wp-content\/mu-plugins\/xtdonelevelmenu\/assets\/menu_selection.js\"><\/script><\/div><a href=\"https:\/\/con-t.de\/data\/kontakt\/\" target=\"_self\" rel=\"\" data-width=\"800\" data-height=\"600\" class=\"anchor10\"><\/a><a href=\"https:\/\/con-t.de\/data\/kontakt\"><img loading=\"lazy\" decoding=\"async\" src=\"https:\/\/con-t.de\/data\/wp-content\/uploads\/2016\/05\/button_menue-e1465301542782.png\" alt=\"button_menue-e1465301542782\" class=\"alignnone wp-image-525 size-full\" height=\"102\" width=\"100\" \/><\/a><a href=\"https:\/\/con-t.de\/data\/kontakt\/\" target=\"_self\" rel=\"\" data-width=\"800\" data-height=\"600\" class=\"anchor10\"><\/a><\/div><\/div><\/div><\/div><\/div><div class=\"column_17\"><div class=\"row_18\"><img loading=\"lazy\" decoding=\"async\" src=\"https:\/\/con-t.de\/data\/wp-content\/uploads\/2016\/05\/gut-zu-wissen-1.jpg\" alt=\"\" class=\"alignnone size-full wp-image-658\" height=\"346\" width=\"700\" srcset=\"https:\/\/con-t.de\/data\/wp-content\/uploads\/2016\/05\/gut-zu-wissen-1.jpg 700w, https:\/\/con-t.de\/data\/wp-content\/uploads\/2016\/05\/gut-zu-wissen-1-300x148.jpg 300w\" sizes=\"auto, (max-width: 700px) 100vw, 700px\" \/><\/div><div class=\"row_19\" reveal-fx=\"RevealFX3\"><h4 class=\"text_headline\">Gut zu wissen<\/h4><p>An dieser Stelle weisen wir auf aktuelle Berichte Printmedien zu den Themen Beratung, Interim Management und Coaching im Internet und den Printmedien hin, die uns interessant erscheinen und Ihnen einen schnellen \u00dcberblick zu gewinnen.<\/p><div class=\"row_32\"><div id=\"warea3\" data-area-name=\"Main Widgets ru\"><div id=\"recent-posts-widget-with-thumbnails-5\" class=\"widget recent-posts-widget-with-thumbnails\">\n<div id=\"rpwwt-recent-posts-widget-with-thumbnails-5\" class=\"rpwwt-widget\">\r\n\t<ul>\r\n\t\t<li><a href=\"https:\/\/con-t.de\/data\/handelsblatt\/\"><img decoding=\"async\" width=\"75\" height=\"75\" src=\"https:\/\/con-t.de\/data\/wp-content\/plugins\/recent-posts-widget-with-thumbnails\/default_thumb.gif\" class=\"attachment-75x75\" alt=\"\" loading=\"lazy\" \/><span class=\"rpwwt-post-title\">Handelsblatt \u00fcber Interim Management<\/span><\/a><div class=\"rpwwt-post-date\">Donnerstag, der 16. Juni 2016<\/div><div class=\"rpwwt-post-excerpt\">Handelsblatt \u00fcber Interim ManagementManager in Festanstellung \u2013 ein Auslaufmodell?Immer mehr j\u00fcngere Menschen wollen CEO auf Zeit als Manager in Festanstellung werden, sagt Atreus-Gr\u00fcnder Rainer Nagel. Ein Gespr\u00e4ch \u00fcber den Reiz, Aufgaben anzunehmen, an denen sich andere die Finger verbrannt haben.<span class=\"rpwwt-post-excerpt-more\"> [\u2026]<\/span><\/div><\/li>\r\n\t\t<li><a href=\"https:\/\/con-t.de\/data\/neuigkeit-2-deutsch\/\"><img decoding=\"async\" width=\"75\" height=\"75\" src=\"https:\/\/con-t.de\/data\/wp-content\/plugins\/recent-posts-widget-with-thumbnails\/default_thumb.gif\" class=\"attachment-75x75\" alt=\"\" loading=\"lazy\" \/><span class=\"rpwwt-post-title\">Umfrage AIMP: Interim Management<\/span><\/a><div class=\"rpwwt-post-date\">Mittwoch, der  1. Juni 2016<\/div><div class=\"rpwwt-post-excerpt\">Studie zu Interim Management im DACH-RaumMitteilung von AIMP:Die vollst\u00e4ndige AIMP-Providerumfrage 20162016: Marktvolumen \u2013 Trends -ProjektstrukturenDie vollst\u00e4ndige AIMP-Providerumfrage 2016<span class=\"rpwwt-post-excerpt-more\"> [\u2026]<\/span><\/div><\/li>\r\n\t<\/ul>\r\n<\/div><!-- .rpwwt-widget -->\r\n<\/div><\/div><\/div><\/div><\/div><\/div><\/div><\/div>","protected":false},"excerpt":{"rendered":"Gut zu wissenAn dieser Stelle weisen wir auf aktuelle Berichte Printmedien zu den Themen Beratung, Interim Management und Coaching im Internet und den Printmedien hin, die uns interessant erscheinen und Ihnen einen schnellen \u00dcberblick zu gewinnen.","protected":false},"author":1,"featured_media":0,"parent":0,"menu_order":0,"comment_status":"open","ping_status":"closed","template":"","meta":{"footnotes":""},"class_list":["post-170","page","type-page","status-publish","hentry"],"_links":{"self":[{"href":"https:\/\/con-t.de\/data\/wp-json\/wp\/v2\/pages\/170","targetHints":{"allow":["GET"]}}],"collection":[{"href":"https:\/\/con-t.de\/data\/wp-json\/wp\/v2\/pages"}],"about":[{"href":"https:\/\/con-t.de\/data\/wp-json\/wp\/v2\/types\/page"}],"author":[{"embeddable":true,"href":"https:\/\/con-t.de\/data\/wp-json\/wp\/v2\/users\/1"}],"replies":[{"embeddable":true,"href":"https:\/\/con-t.de\/data\/wp-json\/wp\/v2\/comments?post=170"}],"version-history":[{"count":11,"href":"https:\/\/con-t.de\/data\/wp-json\/wp\/v2\/pages\/170\/revisions"}],"predecessor-version":[{"id":660,"href":"https:\/\/con-t.de\/data\/wp-json\/wp\/v2\/pages\/170\/revisions\/660"}],"wp:attachment":[{"href":"https:\/\/con-t.de\/data\/wp-json\/wp\/v2\/media?parent=170"}],"curies":[{"name":"wp","href":"https:\/\/api.w.org\/{rel}","templated":true}]}}