{"id":166,"date":"2016-05-09T11:22:01","date_gmt":"2016-05-09T11:22:01","guid":{"rendered":"http:\/\/localhost\/con-t\/home-page-4\/"},"modified":"2016-06-08T16:04:52","modified_gmt":"2016-06-08T14:04:52","slug":"konditionen","status":"publish","type":"page","link":"https:\/\/con-t.de\/data\/konditionen\/","title":{"rendered":"Konditionen"},"content":{"rendered":"<div class=\"post-content-inner\"><div class=\"column_15 gridContainer\"><div class=\"row_14\"><div class=\"column_16\"><div class=\"row_15\"><div class=\"align-inline-wrap1\"><div class=\"row_15\"><div class=\"align-inline-wrap1\"><div id=\"menu_menu3\" ><ul id=\"menu_menu3_list\"><li><a  href=\"https:\/\/con-t.de\/data\/\" target=\"_self\">Home<\/a><\/li><li><a  href=\"https:\/\/con-t.de\/data\/beratung\/\" target=\"_self\">Beratung<\/a><\/li><li><a  href=\"https:\/\/con-t.de\/data\/interim-management-2\/\" target=\"_self\">Interim-management<\/a><\/li><li><a  href=\"https:\/\/con-t.de\/data\/coaching\/\" target=\"_self\">Coaching<\/a><\/li><li><a  href=\"https:\/\/con-t.de\/data\/erfahrungen\/\" target=\"_self\">Erfahrungen<\/a><\/li><li><a  href=\"https:\/\/con-t.de\/data\/erfahrungen-2\/\" target=\"_self\">Kompetenzen<\/a><\/li><li><a class=\"selected\" href=\"https:\/\/con-t.de\/data\/konditionen\/\" target=\"_self\">Konditionen<\/a><\/li><li><a  href=\"https:\/\/con-t.de\/data\/gut-zu-wissen\/\" target=\"_self\">Gut zu wissen<\/a><\/li><li><a  href=\"https:\/\/con-t.de\/data\/impressum\/\" target=\"_self\">Impressum<\/a><\/li><li><a  href=\"https:\/\/con-t.de\/data\/datenschutz\/\" target=\"_self\">Datenschutz<\/a><\/li><\/ul><select>\r\n\t\t\t\t      <option value=\"\" selected=\"\">MENU<\/option>\r\n\t\t\t\t   <\/select><script type=\"text\/javascript\" src=\"https:\/\/con-t.de\/data\/wp-content\/mu-plugins\/xtdonelevelmenu\/assets\/menu_selection.js\"><\/script><\/div><a href=\"https:\/\/con-t.de\/data\/kontakt\/\" target=\"_self\" rel=\"\" data-width=\"800\" data-height=\"600\" class=\"anchor10\"><\/a><a href=\"https:\/\/con-t.de\/data\/kontakt\"><img loading=\"lazy\" decoding=\"async\" src=\"https:\/\/con-t.de\/data\/wp-content\/uploads\/2016\/05\/button_menue-e1465301542782.png\" alt=\"button_menue-e1465301542782\" class=\"alignnone wp-image-525 size-full\" height=\"102\" width=\"100\" \/><\/a><a href=\"https:\/\/con-t.de\/data\/kontakt\/\" target=\"_self\" rel=\"\" data-width=\"800\" data-height=\"600\" class=\"anchor10\"><\/a><\/div><\/div><\/div><\/div><\/div><div class=\"column_17\"><div class=\"row_18\"><img decoding=\"async\" src=\"https:\/\/con-t.de\/data\/wp-content\/uploads\/2016\/05\/konditionene.jpg\" reveal-fx=\"RevealFX2\" \/><\/div><div class=\"row_19\" reveal-fx=\"RevealFX3\"><h4 class=\"text_headline\">Konditionen<\/h4><p><span>Zu dem Erfolg eines Projekts geh\u00f6rt die Berechenbarkeit. Wir bieten Ihnen ein transparentes Abrechnungssystem, einfach, leistungsgerecht und fair. <\/span><\/p><p><span>Vor dem Beginn des Projekts vereinbaren wir mit Ihnen Ziele, Inhalte, Berichtswesen, Dauer und Tagess\u00e4tze. Das Gesamtprojekt wird in Abschnitte eingeteilt, die Ihnen erlauben, die Effizienz unseres Einsatzes st\u00e4ndig im Auge zu behalten. Auf diese Weise sind die Kosten eng an die Leistung gekoppelt. <\/span><\/p><p><span>Wir kennen unseren Markt sehr gut und wissen, dass wir nur durch hervorragende Arbeit bei leistungsgerechten Preisen \u00fcberzeugen k\u00f6nnen. Und das tun wir auch, seit vielen Jahren. <\/span><\/p><p><span>Am Anfang steht bei uns das kostenlose Einf\u00fchrungsgespr\u00e4ch, das bereits eine Kurzanalyse enth\u00e4lt und Sie \u00fcber die Details der Zusammenarbeit informiert. Das Ergebnis in Form einer Analysezusammenfassung und eines Einsatzplans erhalten Sie wenige Tage sp\u00e4ter. Und bei Beauftragung beginnen wir innerhalb k\u00fcrzester Zeit mit der Arbeit. Denn Schnelligkeit geh\u00f6rt zu unseren Grundprinzipien, zusammen mit Fairness, Offenheit, Qualit\u00e4t und Partnerschaftlichkeit. <\/span><\/p><\/div><\/div><\/div><\/div><\/div>","protected":false},"excerpt":{"rendered":"KonditionenZu dem Erfolg eines Projekts geh\u00f6rt die Berechenbarkeit. Wir bieten Ihnen ein transparentes Abrechnungssystem, einfach, leistungsgerecht und fair. Vor dem Beginn des Projekts vereinbaren wir mit Ihnen Ziele, Inhalte, Berichtswesen, Dauer und Tagess\u00e4tze. Das Gesamtprojekt wird in Abschnitte eingeteilt, die Ihnen erlauben, die Effizienz unseres Einsatzes st\u00e4ndig im Auge zu behalten. Auf diese Weise sind [&hellip;]","protected":false},"author":1,"featured_media":0,"parent":0,"menu_order":0,"comment_status":"open","ping_status":"closed","template":"","meta":{"footnotes":""},"class_list":["post-166","page","type-page","status-publish","hentry"],"_links":{"self":[{"href":"https:\/\/con-t.de\/data\/wp-json\/wp\/v2\/pages\/166","targetHints":{"allow":["GET"]}}],"collection":[{"href":"https:\/\/con-t.de\/data\/wp-json\/wp\/v2\/pages"}],"about":[{"href":"https:\/\/con-t.de\/data\/wp-json\/wp\/v2\/types\/page"}],"author":[{"embeddable":true,"href":"https:\/\/con-t.de\/data\/wp-json\/wp\/v2\/users\/1"}],"replies":[{"embeddable":true,"href":"https:\/\/con-t.de\/data\/wp-json\/wp\/v2\/comments?post=166"}],"version-history":[{"count":6,"href":"https:\/\/con-t.de\/data\/wp-json\/wp\/v2\/pages\/166\/revisions"}],"predecessor-version":[{"id":617,"href":"https:\/\/con-t.de\/data\/wp-json\/wp\/v2\/pages\/166\/revisions\/617"}],"wp:attachment":[{"href":"https:\/\/con-t.de\/data\/wp-json\/wp\/v2\/media?parent=166"}],"curies":[{"name":"wp","href":"https:\/\/api.w.org\/{rel}","templated":true}]}}