{"id":148,"date":"2016-05-03T15:20:27","date_gmt":"2016-05-03T15:20:27","guid":{"rendered":"http:\/\/localhost\/con-t\/coaching-2\/"},"modified":"2016-06-08T16:00:47","modified_gmt":"2016-06-08T14:00:47","slug":"erfahrungen","status":"publish","type":"page","link":"https:\/\/con-t.de\/data\/erfahrungen\/","title":{"rendered":"Erfahrungen"},"content":{"rendered":"<div class=\"post-content-inner\"><div class=\"column_15 gridContainer\"><div class=\"row_14\"><div class=\"column_16\"><div class=\"row_15\"><div class=\"align-inline-wrap1\"><div class=\"row_15\"><div class=\"align-inline-wrap1\"><div id=\"menu_menu3\" ><ul id=\"menu_menu3_list\"><li><a  href=\"https:\/\/con-t.de\/data\/\" target=\"_self\">Home<\/a><\/li><li><a  href=\"https:\/\/con-t.de\/data\/beratung\/\" target=\"_self\">Beratung<\/a><\/li><li><a  href=\"https:\/\/con-t.de\/data\/interim-management-2\/\" target=\"_self\">Interim-management<\/a><\/li><li><a  href=\"https:\/\/con-t.de\/data\/coaching\/\" target=\"_self\">Coaching<\/a><\/li><li><a class=\"selected\" href=\"https:\/\/con-t.de\/data\/erfahrungen\/\" target=\"_self\">Erfahrungen<\/a><\/li><li><a  href=\"https:\/\/con-t.de\/data\/erfahrungen-2\/\" target=\"_self\">Kompetenzen<\/a><\/li><li><a  href=\"https:\/\/con-t.de\/data\/konditionen\/\" target=\"_self\">Konditionen<\/a><\/li><li><a  href=\"https:\/\/con-t.de\/data\/gut-zu-wissen\/\" target=\"_self\">Gut zu wissen<\/a><\/li><li><a  href=\"https:\/\/con-t.de\/data\/impressum\/\" target=\"_self\">Impressum<\/a><\/li><li><a  href=\"https:\/\/con-t.de\/data\/datenschutz\/\" target=\"_self\">Datenschutz<\/a><\/li><\/ul><select>\r\n\t\t\t\t      <option value=\"\" selected=\"\">MENU<\/option>\r\n\t\t\t\t   <\/select><script type=\"text\/javascript\" src=\"https:\/\/con-t.de\/data\/wp-content\/mu-plugins\/xtdonelevelmenu\/assets\/menu_selection.js\"><\/script><\/div><a href=\"https:\/\/con-t.de\/data\/kontakt\/\" target=\"_self\" rel=\"\" data-width=\"800\" data-height=\"600\" class=\"anchor10\"><\/a><a href=\"https:\/\/con-t.de\/data\/kontakt\"><img loading=\"lazy\" decoding=\"async\" src=\"https:\/\/con-t.de\/data\/wp-content\/uploads\/2016\/05\/button_menue-e1465301542782.png\" alt=\"button_menue-e1465301542782\" class=\"alignnone wp-image-525 size-full\" height=\"102\" width=\"100\" \/><\/a><a href=\"https:\/\/con-t.de\/data\/kontakt\/\" target=\"_self\" rel=\"\" data-width=\"800\" data-height=\"600\" class=\"anchor10\"><\/a><\/div><\/div><p>&nbsp;<\/p><\/div><\/div><\/div><div class=\"column_17\"><div class=\"row_18\"><img decoding=\"async\" src=\"https:\/\/con-t.de\/data\/wp-content\/uploads\/2016\/05\/impressum.jpg\" reveal-fx=\"RevealFX2\" \/><\/div><div class=\"row_19\" reveal-fx=\"RevealFX3\"><h4 class=\"text_headline\">Erfahrungen<\/h4><p><span>Unsere \u201eFlugstunden\u201c sind Mannjahre in verschiedenen Funktionen, Unternehmensgr\u00f6\u00dfen, Projekten, Branchen und L\u00e4ndern. <\/span><\/p><p><span>30 Jahre Produktentwicklung, Vertrieb, Unternehmensgr\u00fcndung, M&amp;A, Supply Chain Aufbau, Einkauf, General Management in den Branchen Maschinenbau, Elektrotechnik, Elektronik, Energietechnik mit Erneuerbaren Energiequellen, M\u00f6belindustrie und Immobilien in Deutschland, Tschechien, der Slowakei, Russland und der Ukraine sind die Grundlage f\u00fcr unser Arbeit. Und mit jedem neuen Projekt und jeder neuen Aufgaben bauen wir diesem Erfahrungsschatz weiter aus. <\/span><\/p><p><span>Die wichtigste Erfahrung dieser Zeit ist aber die Menschenkenntnis und die daraus abgeleitete F\u00fchrung. Management im interkulturellen Umfeld ist heute keine Ausnahme, sondern die Regel. Und diese Erfahrung geben wir gerne weiter. <\/span><\/p><\/div><\/div><\/div><\/div><\/div>","protected":false},"excerpt":{"rendered":"&nbsp;ErfahrungenUnsere \u201eFlugstunden\u201c sind Mannjahre in verschiedenen Funktionen, Unternehmensgr\u00f6\u00dfen, Projekten, Branchen und L\u00e4ndern. 30 Jahre Produktentwicklung, Vertrieb, Unternehmensgr\u00fcndung, M&amp;A, Supply Chain Aufbau, Einkauf, General Management in den Branchen Maschinenbau, Elektrotechnik, Elektronik, Energietechnik mit Erneuerbaren Energiequellen, M\u00f6belindustrie und Immobilien in Deutschland, Tschechien, der Slowakei, Russland und der Ukraine sind die Grundlage f\u00fcr unser Arbeit. Und mit jedem [&hellip;]","protected":false},"author":1,"featured_media":0,"parent":0,"menu_order":0,"comment_status":"open","ping_status":"closed","template":"","meta":{"footnotes":""},"class_list":["post-148","page","type-page","status-publish","hentry"],"_links":{"self":[{"href":"https:\/\/con-t.de\/data\/wp-json\/wp\/v2\/pages\/148","targetHints":{"allow":["GET"]}}],"collection":[{"href":"https:\/\/con-t.de\/data\/wp-json\/wp\/v2\/pages"}],"about":[{"href":"https:\/\/con-t.de\/data\/wp-json\/wp\/v2\/types\/page"}],"author":[{"embeddable":true,"href":"https:\/\/con-t.de\/data\/wp-json\/wp\/v2\/users\/1"}],"replies":[{"embeddable":true,"href":"https:\/\/con-t.de\/data\/wp-json\/wp\/v2\/comments?post=148"}],"version-history":[{"count":4,"href":"https:\/\/con-t.de\/data\/wp-json\/wp\/v2\/pages\/148\/revisions"}],"predecessor-version":[{"id":611,"href":"https:\/\/con-t.de\/data\/wp-json\/wp\/v2\/pages\/148\/revisions\/611"}],"wp:attachment":[{"href":"https:\/\/con-t.de\/data\/wp-json\/wp\/v2\/media?parent=148"}],"curies":[{"name":"wp","href":"https:\/\/api.w.org\/{rel}","templated":true}]}}