{"id":143,"date":"2016-05-03T15:13:50","date_gmt":"2016-05-03T15:13:50","guid":{"rendered":"http:\/\/localhost\/con-t\/home-page-4\/"},"modified":"2016-06-08T16:00:00","modified_gmt":"2016-06-08T14:00:00","slug":"coaching","status":"publish","type":"page","link":"https:\/\/con-t.de\/data\/coaching\/","title":{"rendered":"coaching"},"content":{"rendered":"<div class=\"post-content-inner\"><div class=\"column_15 gridContainer\"><div class=\"row_14\"><div class=\"column_16\"><div class=\"row_15\"><div class=\"align-inline-wrap1\"><div id=\"menu_menu3\" ><ul id=\"menu_menu3_list\"><li><a  href=\"https:\/\/con-t.de\/data\/\" target=\"_self\">Home<\/a><\/li><li><a  href=\"https:\/\/con-t.de\/data\/beratung\/\" target=\"_self\">Beratung<\/a><\/li><li><a  href=\"https:\/\/con-t.de\/data\/interim-management-2\/\" target=\"_self\">Interim-management<\/a><\/li><li><a class=\"selected\" href=\"https:\/\/con-t.de\/data\/coaching\/\" target=\"_self\">Coaching<\/a><\/li><li><a  href=\"https:\/\/con-t.de\/data\/erfahrungen\/\" target=\"_self\">Erfahrungen<\/a><\/li><li><a  href=\"https:\/\/con-t.de\/data\/erfahrungen-2\/\" target=\"_self\">Kompetenzen<\/a><\/li><li><a  href=\"https:\/\/con-t.de\/data\/konditionen\/\" target=\"_self\">Konditionen<\/a><\/li><li><a  href=\"https:\/\/con-t.de\/data\/gut-zu-wissen\/\" target=\"_self\">Gut zu wissen<\/a><\/li><li><a  href=\"https:\/\/con-t.de\/data\/impressum\/\" target=\"_self\">Impressum<\/a><\/li><li><a  href=\"https:\/\/con-t.de\/data\/datenschutz\/\" target=\"_self\">Datenschutz<\/a><\/li><\/ul><select>\r\n\t\t\t\t      <option value=\"\" selected=\"\">MENU<\/option>\r\n\t\t\t\t   <\/select><script type=\"text\/javascript\" src=\"https:\/\/con-t.de\/data\/wp-content\/mu-plugins\/xtdonelevelmenu\/assets\/menu_selection.js\"><\/script><\/div><a href=\"https:\/\/con-t.de\/data\/kontakt\/\" target=\"_self\" rel=\"\" data-width=\"800\" data-height=\"600\" class=\"anchor10\"><\/a><a href=\"https:\/\/con-t.de\/data\/kontakt\"><img loading=\"lazy\" decoding=\"async\" src=\"https:\/\/con-t.de\/data\/wp-content\/uploads\/2016\/05\/button_menue-e1465301542782.png\" alt=\"button_menue-e1465301542782\" class=\"alignnone wp-image-525 size-full\" height=\"102\" width=\"100\" \/><\/a><a href=\"https:\/\/con-t.de\/data\/kontakt\/\" target=\"_self\" rel=\"\" data-width=\"800\" data-height=\"600\" class=\"anchor10\"><\/a><\/div><\/div><\/div><div class=\"column_17\"><div class=\"row_18\"><img decoding=\"async\" src=\"https:\/\/con-t.de\/data\/wp-content\/uploads\/2016\/05\/coaching1.jpg\" reveal-fx=\"RevealFX2\" \/><\/div><div class=\"row_19\" reveal-fx=\"RevealFX3\"><h4 class=\"text_headline\">Coaching<\/h4><p><span>Coaching ist bei uns die pers\u00f6nliche fachliche und methodische Begleitung einer F\u00fchrungskraft unter Einbeziehung der individuellen St\u00e4rken und Schw\u00e4chen im gesch\u00fctzten Raum. Coaching ist ein wichtiger Baustein bei der Weitergabe der tempor\u00e4ren F\u00fchrung im Rahmen des Interim Managements. Wir legen die Aufgabe, die wir zeitweise erf\u00fcllen, nicht ab, sondern \u00fcbergeben sie schrittweise an den Nachfolger. Wir sitzen als Lotse nicht am Steuer, sondern hinter dem Captain. Der Lotse hat einen Erfahrungsschatz von vielen tausend \u201eFlugstunden\u201c und gibt ihn an den j\u00fcngeren Piloten weiter. Nicht theoretisch, sondern w\u00e4hrend des Fluges. Er ist immer und so lange dabei, bis seine Hilfe nicht mehr erforderlich ist. <\/span><\/p><\/div><\/div><\/div><\/div><\/div>","protected":false},"excerpt":{"rendered":"CoachingCoaching ist bei uns die pers\u00f6nliche fachliche und methodische Begleitung einer F\u00fchrungskraft unter Einbeziehung der individuellen St\u00e4rken und Schw\u00e4chen im gesch\u00fctzten Raum. Coaching ist ein wichtiger Baustein bei der Weitergabe der tempor\u00e4ren F\u00fchrung im Rahmen des Interim Managements. Wir legen die Aufgabe, die wir zeitweise erf\u00fcllen, nicht ab, sondern \u00fcbergeben sie schrittweise an den Nachfolger. [&hellip;]","protected":false},"author":1,"featured_media":0,"parent":0,"menu_order":0,"comment_status":"open","ping_status":"closed","template":"","meta":{"footnotes":""},"class_list":["post-143","page","type-page","status-publish","hentry"],"_links":{"self":[{"href":"https:\/\/con-t.de\/data\/wp-json\/wp\/v2\/pages\/143","targetHints":{"allow":["GET"]}}],"collection":[{"href":"https:\/\/con-t.de\/data\/wp-json\/wp\/v2\/pages"}],"about":[{"href":"https:\/\/con-t.de\/data\/wp-json\/wp\/v2\/types\/page"}],"author":[{"embeddable":true,"href":"https:\/\/con-t.de\/data\/wp-json\/wp\/v2\/users\/1"}],"replies":[{"embeddable":true,"href":"https:\/\/con-t.de\/data\/wp-json\/wp\/v2\/comments?post=143"}],"version-history":[{"count":5,"href":"https:\/\/con-t.de\/data\/wp-json\/wp\/v2\/pages\/143\/revisions"}],"predecessor-version":[{"id":610,"href":"https:\/\/con-t.de\/data\/wp-json\/wp\/v2\/pages\/143\/revisions\/610"}],"wp:attachment":[{"href":"https:\/\/con-t.de\/data\/wp-json\/wp\/v2\/media?parent=143"}],"curies":[{"name":"wp","href":"https:\/\/api.w.org\/{rel}","templated":true}]}}