{"id":106,"date":"2016-04-28T11:01:55","date_gmt":"2016-04-28T11:01:55","guid":{"rendered":"http:\/\/localhost\/con-t\/beratung-2\/"},"modified":"2016-06-08T16:03:03","modified_gmt":"2016-06-08T14:03:03","slug":"interim-management-2","status":"publish","type":"page","link":"https:\/\/con-t.de\/data\/interim-management-2\/","title":{"rendered":"Interim-management"},"content":{"rendered":"<div class=\"post-content-inner\"><div class=\"column_15 gridContainer\"><div class=\"row_14\"><div class=\"column_16\"><div class=\"row_15\"><div class=\"align-inline-wrap1\"><div class=\"row_15\"><div class=\"align-inline-wrap1\"><div id=\"menu_menu3\" ><ul id=\"menu_menu3_list\"><li><a  href=\"https:\/\/con-t.de\/data\/\" target=\"_self\">Home<\/a><\/li><li><a  href=\"https:\/\/con-t.de\/data\/beratung\/\" target=\"_self\">Beratung<\/a><\/li><li><a class=\"selected\" href=\"https:\/\/con-t.de\/data\/interim-management-2\/\" target=\"_self\">Interim-management<\/a><\/li><li><a  href=\"https:\/\/con-t.de\/data\/coaching\/\" target=\"_self\">Coaching<\/a><\/li><li><a  href=\"https:\/\/con-t.de\/data\/erfahrungen\/\" target=\"_self\">Erfahrungen<\/a><\/li><li><a  href=\"https:\/\/con-t.de\/data\/erfahrungen-2\/\" target=\"_self\">Kompetenzen<\/a><\/li><li><a  href=\"https:\/\/con-t.de\/data\/konditionen\/\" target=\"_self\">Konditionen<\/a><\/li><li><a  href=\"https:\/\/con-t.de\/data\/gut-zu-wissen\/\" target=\"_self\">Gut zu wissen<\/a><\/li><li><a  href=\"https:\/\/con-t.de\/data\/impressum\/\" target=\"_self\">Impressum<\/a><\/li><li><a  href=\"https:\/\/con-t.de\/data\/datenschutz\/\" target=\"_self\">Datenschutz<\/a><\/li><\/ul><select>\r\n\t\t\t\t      <option value=\"\" selected=\"\">MENU<\/option>\r\n\t\t\t\t   <\/select><script type=\"text\/javascript\" src=\"https:\/\/con-t.de\/data\/wp-content\/mu-plugins\/xtdonelevelmenu\/assets\/menu_selection.js\"><\/script><\/div><a href=\"https:\/\/con-t.de\/data\/kontakt\/\" target=\"_self\" rel=\"\" data-width=\"800\" data-height=\"600\" class=\"anchor10\"><\/a><a href=\"https:\/\/con-t.de\/data\/kontakt\"><img loading=\"lazy\" decoding=\"async\" src=\"https:\/\/con-t.de\/data\/wp-content\/uploads\/2016\/05\/button_menue-e1465301542782.png\" alt=\"button_menue-e1465301542782\" class=\"alignnone wp-image-525 size-full\" height=\"102\" width=\"100\" \/><\/a><a href=\"https:\/\/con-t.de\/data\/kontakt\/\" target=\"_self\" rel=\"\" data-width=\"800\" data-height=\"600\" class=\"anchor10\"><\/a><\/div><\/div><\/div><\/div><\/div><div class=\"column_17\"><div class=\"row_18\"><img decoding=\"async\" src=\"https:\/\/con-t.de\/data\/wp-content\/uploads\/2016\/04\/interim1.jpg\" reveal-fx=\"RevealFX2\" \/><\/div><div class=\"row_19\" reveal-fx=\"RevealFX3\"><h4 class=\"text_headline\">Interim Management<\/h4><p><span><\/span><span>Als Interim Manager legen wir Hand an und stellen Captain &amp; Co im \u201eCockpit\u201c des Unternehmens, bis eine neue Crew eingearbeitet ist und das Steuer\u00a0 auf Dauer \u00fcbernimmt. Die Erfahrung aus verschiedenen\u00a0 Branchen in verschiedenen L\u00e4ndern und Unternehmen unterschiedlicher Gr\u00f6\u00dfe und Struktur erlaubt es uns, die F\u00fchrungsvakanz kompetent auszuf\u00fcllen. Es geht nicht um das Verwalten des Erreichten, sondern um neue Erfolgsimpulse, die wir auch im tempor\u00e4ren Einsatz liefern.\u00a0 Es geht um den besten Kurs, der zu finden und zu steuern ist.<\/span><\/p><p><span>Als Interim Manager sind wir schnell im Einsatz, bleiben nur so lange, wie n\u00f6tig und \u00fcbergeben die Verantwortung wieder, wenn die gestellte Aufgabe erreicht ist. Da wir als selbst\u00e4ndiger Unternehmer t\u00e4tig sind, fallen f\u00fcr das Unternehmen nur gut kalkulierbare variable Kosten an. Die Crew wird f\u00fcr den Flug bezahlt, nicht f\u00fcr die Anwesenheit im Cockpit.<br \/><\/span><\/p><\/div><\/div><\/div><\/div><\/div>","protected":false},"excerpt":{"rendered":"Interim ManagementAls Interim Manager legen wir Hand an und stellen Captain &amp; Co im \u201eCockpit\u201c des Unternehmens, bis eine neue Crew eingearbeitet ist und das Steuer\u00a0 auf Dauer \u00fcbernimmt. Die Erfahrung aus verschiedenen\u00a0 Branchen in verschiedenen L\u00e4ndern und Unternehmen unterschiedlicher Gr\u00f6\u00dfe und Struktur erlaubt es uns, die F\u00fchrungsvakanz kompetent auszuf\u00fcllen. Es geht nicht um das [&hellip;]","protected":false},"author":1,"featured_media":0,"parent":0,"menu_order":0,"comment_status":"open","ping_status":"closed","template":"","meta":{"footnotes":""},"class_list":["post-106","page","type-page","status-publish","hentry"],"_links":{"self":[{"href":"https:\/\/con-t.de\/data\/wp-json\/wp\/v2\/pages\/106","targetHints":{"allow":["GET"]}}],"collection":[{"href":"https:\/\/con-t.de\/data\/wp-json\/wp\/v2\/pages"}],"about":[{"href":"https:\/\/con-t.de\/data\/wp-json\/wp\/v2\/types\/page"}],"author":[{"embeddable":true,"href":"https:\/\/con-t.de\/data\/wp-json\/wp\/v2\/users\/1"}],"replies":[{"embeddable":true,"href":"https:\/\/con-t.de\/data\/wp-json\/wp\/v2\/comments?post=106"}],"version-history":[{"count":5,"href":"https:\/\/con-t.de\/data\/wp-json\/wp\/v2\/pages\/106\/revisions"}],"predecessor-version":[{"id":615,"href":"https:\/\/con-t.de\/data\/wp-json\/wp\/v2\/pages\/106\/revisions\/615"}],"wp:attachment":[{"href":"https:\/\/con-t.de\/data\/wp-json\/wp\/v2\/media?parent=106"}],"curies":[{"name":"wp","href":"https:\/\/api.w.org\/{rel}","templated":true}]}}